{"id":340,"date":"2020-01-29T10:57:27","date_gmt":"2020-01-29T10:57:27","guid":{"rendered":"http:\/\/cprp.eu\/?page_id=340"},"modified":"2022-02-01T13:29:48","modified_gmt":"2022-02-01T12:29:48","slug":"allasajanlatok","status":"publish","type":"page","link":"https:\/\/cprp.eu\/en\/allasajanlatok\/","title":{"rendered":"Open jobs"},"content":{"rendered":"<div data-elementor-type=\"wp-page\" data-elementor-id=\"340\" class=\"elementor elementor-340\">\n\t\t\t\t\t\t\t\t\t<section class=\"elementor-section elementor-top-section elementor-element elementor-element-01e2c85 elementor-section-height-min-height elementor-section-boxed elementor-section-height-default elementor-section-items-middle\" data-id=\"01e2c85\" data-element_type=\"section\" data-settings=\"{&quot;background_background&quot;:&quot;classic&quot;}\">\n\t\t\t\t\t\t\t<div class=\"elementor-background-overlay\"><\/div>\n\t\t\t\t\t\t\t<div class=\"elementor-container elementor-column-gap-default\">\n\t\t\t\t\t<div class=\"elementor-column elementor-col-100 elementor-top-column elementor-element elementor-element-65ed630\" data-id=\"65ed630\" data-element_type=\"column\">\n\t\t\t<div class=\"elementor-widget-wrap\">\n\t\t\t\t\t\t\t\t\t<\/div>\n\t\t<\/div>\n\t\t\t\t\t\t\t<\/div>\n\t\t<\/section>\n\t\t\t\t<section class=\"elementor-section elementor-top-section elementor-element elementor-element-86605eb elementor-section-full_width elementor-section-stretched elementor-section-height-default elementor-section-height-default\" data-id=\"86605eb\" data-element_type=\"section\" data-settings=\"{&quot;stretch_section&quot;:&quot;section-stretched&quot;}\">\n\t\t\t\t\t\t<div class=\"elementor-container elementor-column-gap-no\">\n\t\t\t\t\t<div class=\"elementor-column elementor-col-100 elementor-top-column elementor-element elementor-element-9dc5a05\" data-id=\"9dc5a05\" data-element_type=\"column\">\n\t\t\t<div class=\"elementor-widget-wrap elementor-element-populated\">\n\t\t\t\t\t\t\t\t<div class=\"elementor-element elementor-element-b807af7 elementor-widget elementor-widget-image\" data-id=\"b807af7\" data-element_type=\"widget\" data-widget_type=\"image.default\">\n\t\t\t\t<div class=\"elementor-widget-container\">\n\t\t\t\t\t\t\t\t\t\t\t\t\t\t\t<img loading=\"lazy\" decoding=\"async\" width=\"275\" height=\"192\" src=\"https:\/\/cprp.eu\/wp-content\/uploads\/2022\/02\/img_szechenyi2020.png\" class=\"attachment-large size-large wp-image-1693\" alt=\"\" srcset=\"https:\/\/cprp.eu\/wp-content\/uploads\/2022\/02\/img_szechenyi2020.png 275w, https:\/\/cprp.eu\/wp-content\/uploads\/2022\/02\/img_szechenyi2020-18x12.png 18w\" sizes=\"auto, (max-width: 275px) 100vw, 275px\" \/>\t\t\t\t\t\t\t\t\t\t\t\t\t\t\t<\/div>\n\t\t\t\t<\/div>\n\t\t\t\t\t<\/div>\n\t\t<\/div>\n\t\t\t\t\t\t\t<\/div>\n\t\t<\/section>\n\t\t\t\t<section class=\"elementor-section elementor-top-section elementor-element elementor-element-1fef631 elementor-section-height-min-height elementor-section-boxed elementor-section-height-default elementor-section-items-middle\" data-id=\"1fef631\" data-element_type=\"section\" data-settings=\"{&quot;background_background&quot;:&quot;classic&quot;}\">\n\t\t\t\t\t\t\t<div class=\"elementor-background-overlay\"><\/div>\n\t\t\t\t\t\t\t<div class=\"elementor-container elementor-column-gap-default\">\n\t\t\t\t\t<div class=\"elementor-column elementor-col-100 elementor-top-column elementor-element elementor-element-46c39be\" data-id=\"46c39be\" data-element_type=\"column\" data-settings=\"{&quot;background_background&quot;:&quot;classic&quot;}\">\n\t\t\t<div class=\"elementor-widget-wrap elementor-element-populated\">\n\t\t\t\t\t\t\t\t<section class=\"elementor-section elementor-inner-section elementor-element elementor-element-b666760 elementor-section-boxed elementor-section-height-default elementor-section-height-default\" data-id=\"b666760\" data-element_type=\"section\">\n\t\t\t\t\t\t<div class=\"elementor-container elementor-column-gap-default\">\n\t\t\t\t\t<div class=\"elementor-column elementor-col-100 elementor-inner-column elementor-element elementor-element-7955f2b\" data-id=\"7955f2b\" data-element_type=\"column\">\n\t\t\t<div class=\"elementor-widget-wrap elementor-element-populated\">\n\t\t\t\t\t\t\t\t<div class=\"elementor-element elementor-element-9bb81f2 elementor-widget elementor-widget-heading\" data-id=\"9bb81f2\" data-element_type=\"widget\" data-widget_type=\"heading.default\">\n\t\t\t\t<div class=\"elementor-widget-container\">\n\t\t\t<h2 class=\"elementor-heading-title elementor-size-default\">Open jobs<\/h2>\t\t<\/div>\n\t\t\t\t<\/div>\n\t\t\t\t<div class=\"elementor-element elementor-element-1bb1937 elementor-widget-divider--view-line elementor-widget elementor-widget-divider\" data-id=\"1bb1937\" data-element_type=\"widget\" data-widget_type=\"divider.default\">\n\t\t\t\t<div class=\"elementor-widget-container\">\n\t\t\t\t\t<div class=\"elementor-divider\">\n\t\t\t<span class=\"elementor-divider-separator\">\n\t\t\t\t\t\t<\/span>\n\t\t<\/div>\n\t\t\t\t<\/div>\n\t\t\t\t<\/div>\n\t\t\t\t\t<\/div>\n\t\t<\/div>\n\t\t\t\t\t\t\t<\/div>\n\t\t<\/section>\n\t\t\t\t<section class=\"elementor-section elementor-inner-section elementor-element elementor-element-d6cb4af elementor-section-boxed elementor-section-height-default elementor-section-height-default\" data-id=\"d6cb4af\" data-element_type=\"section\">\n\t\t\t\t\t\t<div class=\"elementor-container elementor-column-gap-default\">\n\t\t\t\t\t<div class=\"elementor-column elementor-col-100 elementor-inner-column elementor-element elementor-element-c89c34c\" data-id=\"c89c34c\" data-element_type=\"column\">\n\t\t\t<div class=\"elementor-widget-wrap elementor-element-populated\">\n\t\t\t\t\t\t\t\t<div class=\"elementor-element elementor-element-afd30d7 elementor-grid-eael-col-2 elementor-grid-tablet-eael-col-2 elementor-grid-mobile-eael-col-1 elementor-widget elementor-widget-eael-post-grid\" data-id=\"afd30d7\" data-element_type=\"widget\" data-settings=\"{&quot;eael_post_grid_columns&quot;:&quot;eael-col-2&quot;,&quot;eael_post_grid_columns_tablet&quot;:&quot;eael-col-2&quot;,&quot;eael_post_grid_columns_mobile&quot;:&quot;eael-col-1&quot;}\" data-widget_type=\"eael-post-grid.default\">\n\t\t\t\t<div class=\"elementor-widget-container\">\n\t\t\t<div id=\"eael-post-grid-afd30d7\" class=\"eael-post-grid-container\">\n            <div class=\"eael-post-grid eael-post-appender eael-post-appender-afd30d7 eael-post-grid-style-one\" data-layout-mode=\"masonry\"><article class=\"eael-grid-post eael-post-grid-column\" data-id=\"120\">\n        <div class=\"eael-grid-post-holder\">\n            <div class=\"eael-grid-post-holder-inner\"><div class=\"eael-entry-media\"><div class=\"eael-entry-overlay fade-in\"><i class=\"fas fa-arrow-right\" aria-hidden=\"true\"><\/i><a href=\"https:\/\/cprp.eu\/en\/fejlesztomernok\/\"><\/a><\/div><div class=\"eael-entry-thumbnail\">\n                <img loading=\"lazy\" decoding=\"async\" width=\"768\" height=\"576\" src=\"https:\/\/cprp.eu\/wp-content\/uploads\/2021\/02\/allas-kep-02-1024x683-1-768x576.jpg\" class=\"attachment-medium_large size-medium_large wp-image-1491\" alt=\"\" srcset=\"https:\/\/cprp.eu\/wp-content\/uploads\/2021\/02\/allas-kep-02-1024x683-1-768x576.jpg 768w, https:\/\/cprp.eu\/wp-content\/uploads\/2021\/02\/allas-kep-02-1024x683-1-300x225.jpg 300w, https:\/\/cprp.eu\/wp-content\/uploads\/2021\/02\/allas-kep-02-1024x683-1-16x12.jpg 16w, https:\/\/cprp.eu\/wp-content\/uploads\/2021\/02\/allas-kep-02-1024x683-1.jpg 1024w\" sizes=\"auto, (max-width: 768px) 100vw, 768px\" \/>\n            <\/div>\n        <\/div><div class=\"eael-entry-wrapper\"><header class=\"eael-entry-header\"><h2 class=\"eael-entry-title\"><a\n                        class=\"eael-grid-post-link\"\n                        href=\"https:\/\/cprp.eu\/en\/fejlesztomernok\/\"\n                        title=\"Development engineer\">Development engineer<\/a><\/h2><\/header><div class=\"eael-entry-content\">\n                        <div class=\"eael-grid-post-excerpt\"><p>A CPR Europe Kft. munkat\u00e1rsat keres Bet\u00f6ltend\u0151 munkak\u00f6r: Fejleszt\u0151m\u00e9rn\u00f6k Feladatok: N\u00f6v\u00e9nyv\u00e9delmi k\u00eds\u00e9rletek be\u00e1ll\u00edt\u00e1sa, \u00e9rt\u00e9kel\u00e9se \u2022...<\/p><a href=\"https:\/\/cprp.eu\/en\/fejlesztomernok\/\" class=\"eael-post-elements-readmore-btn\">Read more<\/a><\/div>\n                    <\/div><div class=\"eael-entry-footer\"><div class=\"eael-author-avatar\"><a href=\"https:\/\/cprp.eu\/en\/author\/admin\/\"><img alt='admin' src='https:\/\/secure.gravatar.com\/avatar\/9e3bfb04b970823b0e78557e69e53095c02301b6c28032caa2da710f4055991f?s=96&#038;d=mm&#038;r=g' srcset='https:\/\/secure.gravatar.com\/avatar\/9e3bfb04b970823b0e78557e69e53095c02301b6c28032caa2da710f4055991f?s=192&#038;d=mm&#038;r=g 2x' class='avatar avatar-96 photo' height='96' width='96' \/><\/a><\/div><div class=\"eael-entry-meta\"><span class=\"eael-posted-by\"><a href=\"https:\/\/cprp.eu\/en\/author\/admin\/\" title=\"Posts by admin\" rel=\"author\">admin<\/a><\/span><span class=\"eael-posted-on\"><time datetime=\"2020.01.28.\">2020.01.28.<\/time><\/span><\/div><\/div><\/div><\/div>\n        <\/div>\n    <\/article><article class=\"eael-grid-post eael-post-grid-column\" data-id=\"110\">\n        <div class=\"eael-grid-post-holder\">\n            <div class=\"eael-grid-post-holder-inner\"><div class=\"eael-entry-media\"><div class=\"eael-entry-overlay fade-in\"><i class=\"fas fa-arrow-right\" aria-hidden=\"true\"><\/i><a href=\"https:\/\/cprp.eu\/en\/novenyvedelmi-technikus\/\"><\/a><\/div><div class=\"eael-entry-thumbnail\">\n                <img loading=\"lazy\" decoding=\"async\" width=\"768\" height=\"576\" src=\"https:\/\/cprp.eu\/wp-content\/uploads\/2021\/02\/011-768x576.jpg\" class=\"attachment-medium_large size-medium_large wp-image-1512\" alt=\"\" srcset=\"https:\/\/cprp.eu\/wp-content\/uploads\/2021\/02\/011-768x576.jpg 768w, https:\/\/cprp.eu\/wp-content\/uploads\/2021\/02\/011-300x225.jpg 300w, https:\/\/cprp.eu\/wp-content\/uploads\/2021\/02\/011-16x12.jpg 16w, https:\/\/cprp.eu\/wp-content\/uploads\/2021\/02\/011.jpg 1024w\" sizes=\"auto, (max-width: 768px) 100vw, 768px\" \/>\n            <\/div>\n        <\/div><div class=\"eael-entry-wrapper\"><header class=\"eael-entry-header\"><h2 class=\"eael-entry-title\"><a\n                        class=\"eael-grid-post-link\"\n                        href=\"https:\/\/cprp.eu\/en\/novenyvedelmi-technikus\/\"\n                        title=\"Plant protection technician\">Plant protection technician<\/a><\/h2><\/header><div class=\"eael-entry-content\">\n                        <div class=\"eael-grid-post-excerpt\"><p>CPR Europe Kft. is looking for a staff member Job Position:\nPlant protection technician Tasks:\n\u2022 Participate in the preparation and implementation of GEP structure experiments<\/p><a href=\"https:\/\/cprp.eu\/en\/novenyvedelmi-technikus\/\" class=\"eael-post-elements-readmore-btn\">Read more<\/a><\/div>\n                    <\/div><div class=\"eael-entry-footer\"><div class=\"eael-author-avatar\"><a href=\"https:\/\/cprp.eu\/en\/author\/admin\/\"><img alt='admin' src='https:\/\/secure.gravatar.com\/avatar\/9e3bfb04b970823b0e78557e69e53095c02301b6c28032caa2da710f4055991f?s=96&#038;d=mm&#038;r=g' srcset='https:\/\/secure.gravatar.com\/avatar\/9e3bfb04b970823b0e78557e69e53095c02301b6c28032caa2da710f4055991f?s=192&#038;d=mm&#038;r=g 2x' class='avatar avatar-96 photo' height='96' width='96' \/><\/a><\/div><div class=\"eael-entry-meta\"><span class=\"eael-posted-by\"><a href=\"https:\/\/cprp.eu\/en\/author\/admin\/\" title=\"Posts by admin\" rel=\"author\">admin<\/a><\/span><span class=\"eael-posted-on\"><time datetime=\"2020.01.28.\">2020.01.28.<\/time><\/span><\/div><\/div><\/div><\/div>\n        <\/div>\n    <\/article><\/div>\n            <div class=\"clearfix\"><\/div>\n        <\/div>\t\t<\/div>\n\t\t\t\t<\/div>\n\t\t\t\t\t<\/div>\n\t\t<\/div>\n\t\t\t\t\t\t\t<\/div>\n\t\t<\/section>\n\t\t\t\t\t<\/div>\n\t\t<\/div>\n\t\t\t\t\t\t\t<\/div>\n\t\t<\/section>\n\t\t\t\t\t\t\t<\/div>","protected":false},"excerpt":{"rendered":"<p>\u00c1ll\u00e1saj\u00e1nlatok Fejleszt\u0151m\u00e9rn\u00f6k A CPR Europe Kft. munkat\u00e1rsat keres Bet\u00f6ltend\u0151 munkak\u00f6r: Fejleszt\u0151m\u00e9rn\u00f6k Feladatok: N\u00f6v\u00e9nyv\u00e9delmi k\u00eds\u00e9rletek be\u00e1ll\u00edt\u00e1sa, \u00e9rt\u00e9kel\u00e9se \u2022&#8230; R\u00e9szletek admin2020.01.28. N\u00f6v\u00e9nyv\u00e9delmi technikus A CPR Europe Kft. munkat\u00e1rsat keres Bet\u00f6ltend\u0151 munkak\u00f6r: N\u00f6v\u00e9nyv\u00e9delmi technikus Feladatok: \u2022 GEP szerk\u00eds\u00e9rletek el\u0151k\u00e9sz\u00fcleteiben&#8230; R\u00e9szletek admin2020.01.28.<\/p>","protected":false},"author":1,"featured_media":0,"parent":0,"menu_order":0,"comment_status":"closed","ping_status":"closed","template":"","meta":{"om_disable_all_campaigns":false,"_monsterinsights_skip_tracking":false,"_monsterinsights_sitenote_active":false,"_monsterinsights_sitenote_note":"","_monsterinsights_sitenote_category":0,"_uf_show_specific_survey":0,"_uf_disable_surveys":false,"footnotes":""},"class_list":["post-340","page","type-page","status-publish","hentry","entry","has-media"],"aioseo_notices":[],"_links":{"self":[{"href":"https:\/\/cprp.eu\/en\/wp-json\/wp\/v2\/pages\/340","targetHints":{"allow":["GET"]}}],"collection":[{"href":"https:\/\/cprp.eu\/en\/wp-json\/wp\/v2\/pages"}],"about":[{"href":"https:\/\/cprp.eu\/en\/wp-json\/wp\/v2\/types\/page"}],"author":[{"embeddable":true,"href":"https:\/\/cprp.eu\/en\/wp-json\/wp\/v2\/users\/1"}],"replies":[{"embeddable":true,"href":"https:\/\/cprp.eu\/en\/wp-json\/wp\/v2\/comments?post=340"}],"version-history":[{"count":17,"href":"https:\/\/cprp.eu\/en\/wp-json\/wp\/v2\/pages\/340\/revisions"}],"predecessor-version":[{"id":1765,"href":"https:\/\/cprp.eu\/en\/wp-json\/wp\/v2\/pages\/340\/revisions\/1765"}],"wp:attachment":[{"href":"https:\/\/cprp.eu\/en\/wp-json\/wp\/v2\/media?parent=340"}],"curies":[{"name":"wp","href":"https:\/\/api.w.org\/{rel}","templated":true}]}}